{"id":485,"date":"2022-10-03T11:24:15","date_gmt":"2022-10-03T09:24:15","guid":{"rendered":"http:\/\/josuti.hu\/?post_type=product&#038;p=485"},"modified":"2026-02-15T10:12:47","modified_gmt":"2026-02-15T08:12:47","slug":"szilvas-mentes-torta","status":"publish","type":"product","link":"https:\/\/josuti.hu\/?product=szilvas-mentes-torta","title":{"rendered":"Szilv\u00e1s-mentes torta"},"content":{"rendered":"<p>Rizsliszttel k\u00e9sz\u00fclt, tejterm\u00e9k \u00e9s cukor hozz\u00e1ad\u00e1sa n\u00e9lk\u00fcl, h\u00e1zi szilvalekv\u00e1rral \u00e9s cukormentes csokol\u00e1d\u00e9val a tetej\u00e9n. 25cm<\/p>\n<p>Az \u00e1r tartalmazza a d\u00edsz\u00edt\u00e9st, valamint a tortadobozt.<\/p>\n","protected":false},"excerpt":{"rendered":"<p>Rizsliszttel k\u00e9sz\u00fclt, tejterm\u00e9k \u00e9s cukor hozz\u00e1ad\u00e1sa n\u00e9lk\u00fcl, h\u00e1zi szilvalekv\u00e1rral \u00e9s cukormentes csokol\u00e1d\u00e9val a tetej\u00e9n. 25cm Az \u00e1r tartalmazza a d\u00edsz\u00edt\u00e9st, valamint a tortadobozt.<\/p>\n","protected":false},"featured_media":647,"comment_status":"open","ping_status":"closed","template":"","meta":[],"product_cat":[22],"product_tag":[],"class_list":{"0":"post-485","1":"product","2":"type-product","3":"status-publish","4":"has-post-thumbnail","6":"product_cat-mentes-tortak","8":"first","9":"instock","10":"shipping-taxable","11":"purchasable","12":"product-type-simple"},"_links":{"self":[{"href":"https:\/\/josuti.hu\/index.php?rest_route=\/wp\/v2\/product\/485"}],"collection":[{"href":"https:\/\/josuti.hu\/index.php?rest_route=\/wp\/v2\/product"}],"about":[{"href":"https:\/\/josuti.hu\/index.php?rest_route=\/wp\/v2\/types\/product"}],"replies":[{"embeddable":true,"href":"https:\/\/josuti.hu\/index.php?rest_route=%2Fwp%2Fv2%2Fcomments&post=485"}],"wp:featuredmedia":[{"embeddable":true,"href":"https:\/\/josuti.hu\/index.php?rest_route=\/wp\/v2\/media\/647"}],"wp:attachment":[{"href":"https:\/\/josuti.hu\/index.php?rest_route=%2Fwp%2Fv2%2Fmedia&parent=485"}],"wp:term":[{"taxonomy":"product_cat","embeddable":true,"href":"https:\/\/josuti.hu\/index.php?rest_route=%2Fwp%2Fv2%2Fproduct_cat&post=485"},{"taxonomy":"product_tag","embeddable":true,"href":"https:\/\/josuti.hu\/index.php?rest_route=%2Fwp%2Fv2%2Fproduct_tag&post=485"}],"curies":[{"name":"wp","href":"https:\/\/api.w.org\/{rel}","templated":true}]}}