{"id":381,"date":"2021-06-20T19:46:33","date_gmt":"2021-06-20T17:46:33","guid":{"rendered":"http:\/\/josuti.hu\/?post_type=product&#038;p=381"},"modified":"2026-02-15T10:13:21","modified_gmt":"2026-02-15T08:13:21","slug":"juhturos-pogacsa-2","status":"publish","type":"product","link":"https:\/\/josuti.hu\/?product=juhturos-pogacsa-2","title":{"rendered":"Juht\u00far\u00f3s pog\u00e1csa"},"content":{"rendered":"","protected":false},"excerpt":{"rendered":"","protected":false},"featured_media":626,"comment_status":"open","ping_status":"closed","template":"","meta":[],"product_cat":[28],"product_tag":[],"class_list":{"0":"post-381","1":"product","2":"type-product","3":"status-publish","4":"has-post-thumbnail","6":"product_cat-pogacsa","8":"first","9":"instock","10":"shipping-taxable","11":"purchasable","12":"product-type-simple"},"_links":{"self":[{"href":"https:\/\/josuti.hu\/index.php?rest_route=\/wp\/v2\/product\/381"}],"collection":[{"href":"https:\/\/josuti.hu\/index.php?rest_route=\/wp\/v2\/product"}],"about":[{"href":"https:\/\/josuti.hu\/index.php?rest_route=\/wp\/v2\/types\/product"}],"replies":[{"embeddable":true,"href":"https:\/\/josuti.hu\/index.php?rest_route=%2Fwp%2Fv2%2Fcomments&post=381"}],"wp:featuredmedia":[{"embeddable":true,"href":"https:\/\/josuti.hu\/index.php?rest_route=\/wp\/v2\/media\/626"}],"wp:attachment":[{"href":"https:\/\/josuti.hu\/index.php?rest_route=%2Fwp%2Fv2%2Fmedia&parent=381"}],"wp:term":[{"taxonomy":"product_cat","embeddable":true,"href":"https:\/\/josuti.hu\/index.php?rest_route=%2Fwp%2Fv2%2Fproduct_cat&post=381"},{"taxonomy":"product_tag","embeddable":true,"href":"https:\/\/josuti.hu\/index.php?rest_route=%2Fwp%2Fv2%2Fproduct_tag&post=381"}],"curies":[{"name":"wp","href":"https:\/\/api.w.org\/{rel}","templated":true}]}}