{"id":365,"date":"2021-06-20T19:03:52","date_gmt":"2021-06-20T17:03:52","guid":{"rendered":"http:\/\/josuti.hu\/?post_type=product&#038;p=365"},"modified":"2025-09-23T12:49:57","modified_gmt":"2025-09-23T10:49:57","slug":"fuszeres-alom-torta","status":"publish","type":"product","link":"https:\/\/josuti.hu\/?product=fuszeres-alom-torta","title":{"rendered":"F\u0171szeres-\u00e1lom torta"},"content":{"rendered":"<p>Zabpehelyb\u0151l, alm\u00e1b\u00f3l f\u0171szerekkel k\u00e9sz\u00edtett cukor \u00e9s feh\u00e9rliszt mentes torta, tetej\u00e9n enyh\u00e9n citromos sajtkr\u00e9mmel.<\/p>\n<p>Az \u00e1r tartalmazza a d\u00edsz\u00edt\u00e9st, valamint a tortadobozt.<\/p>\n","protected":false},"excerpt":{"rendered":"<p>Zabpehelyb\u0151l, alm\u00e1b\u00f3l f\u0171szerekkel k\u00e9sz\u00edtett cukor \u00e9s feh\u00e9rliszt mentes torta, tetej\u00e9n enyh\u00e9n citromos sajtkr\u00e9mmel. Az \u00e1r tartalmazza a d\u00edsz\u00edt\u00e9st, valamint a tortadobozt.<\/p>\n","protected":false},"featured_media":599,"comment_status":"open","ping_status":"closed","template":"","meta":[],"product_cat":[22],"product_tag":[],"class_list":{"0":"post-365","1":"product","2":"type-product","3":"status-publish","4":"has-post-thumbnail","6":"product_cat-mentes-tortak","8":"first","9":"instock","10":"shipping-taxable","11":"purchasable","12":"product-type-simple"},"_links":{"self":[{"href":"https:\/\/josuti.hu\/index.php?rest_route=\/wp\/v2\/product\/365"}],"collection":[{"href":"https:\/\/josuti.hu\/index.php?rest_route=\/wp\/v2\/product"}],"about":[{"href":"https:\/\/josuti.hu\/index.php?rest_route=\/wp\/v2\/types\/product"}],"replies":[{"embeddable":true,"href":"https:\/\/josuti.hu\/index.php?rest_route=%2Fwp%2Fv2%2Fcomments&post=365"}],"wp:featuredmedia":[{"embeddable":true,"href":"https:\/\/josuti.hu\/index.php?rest_route=\/wp\/v2\/media\/599"}],"wp:attachment":[{"href":"https:\/\/josuti.hu\/index.php?rest_route=%2Fwp%2Fv2%2Fmedia&parent=365"}],"wp:term":[{"taxonomy":"product_cat","embeddable":true,"href":"https:\/\/josuti.hu\/index.php?rest_route=%2Fwp%2Fv2%2Fproduct_cat&post=365"},{"taxonomy":"product_tag","embeddable":true,"href":"https:\/\/josuti.hu\/index.php?rest_route=%2Fwp%2Fv2%2Fproduct_tag&post=365"}],"curies":[{"name":"wp","href":"https:\/\/api.w.org\/{rel}","templated":true}]}}