{"id":348,"date":"2021-06-20T17:42:30","date_gmt":"2021-06-20T15:42:30","guid":{"rendered":"http:\/\/josuti.hu\/?post_type=product&#038;p=348"},"modified":"2025-01-05T17:15:53","modified_gmt":"2025-01-05T15:15:53","slug":"kortes-makos-torta-2","status":"publish","type":"product","link":"https:\/\/josuti.hu\/?product=kortes-makos-torta-2","title":{"rendered":"K\u00f6rt\u00e9s-m\u00e1kos torta"},"content":{"rendered":"<p>Liszt,cukor \u00e9s tejterm\u00e9k felhaszn\u00e1l\u00e1sa n\u00e9lk\u00fcl k\u00e9sz\u00fcl,nem csak \u00e9telallergi\u00e1soknak aj\u00e1nljuk.<\/p>\n<p>Az \u00e1r tartalmazza a d\u00edsz\u00edt\u00e9st, valamint a tortadobozt.<\/p>\n","protected":false},"excerpt":{"rendered":"<p>Liszt,cukor \u00e9s tejterm\u00e9k felhaszn\u00e1l\u00e1sa n\u00e9lk\u00fcl k\u00e9sz\u00fcl,nem csak \u00e9telallergi\u00e1soknak aj\u00e1nljuk. Az \u00e1r tartalmazza a d\u00edsz\u00edt\u00e9st, valamint a tortadobozt.<\/p>\n","protected":false},"featured_media":608,"comment_status":"open","ping_status":"closed","template":"","meta":[],"product_cat":[22],"product_tag":[],"class_list":{"0":"post-348","1":"product","2":"type-product","3":"status-publish","4":"has-post-thumbnail","6":"product_cat-mentes-tortak","8":"first","9":"instock","10":"shipping-taxable","11":"purchasable","12":"product-type-simple"},"_links":{"self":[{"href":"https:\/\/josuti.hu\/index.php?rest_route=\/wp\/v2\/product\/348"}],"collection":[{"href":"https:\/\/josuti.hu\/index.php?rest_route=\/wp\/v2\/product"}],"about":[{"href":"https:\/\/josuti.hu\/index.php?rest_route=\/wp\/v2\/types\/product"}],"replies":[{"embeddable":true,"href":"https:\/\/josuti.hu\/index.php?rest_route=%2Fwp%2Fv2%2Fcomments&post=348"}],"wp:featuredmedia":[{"embeddable":true,"href":"https:\/\/josuti.hu\/index.php?rest_route=\/wp\/v2\/media\/608"}],"wp:attachment":[{"href":"https:\/\/josuti.hu\/index.php?rest_route=%2Fwp%2Fv2%2Fmedia&parent=348"}],"wp:term":[{"taxonomy":"product_cat","embeddable":true,"href":"https:\/\/josuti.hu\/index.php?rest_route=%2Fwp%2Fv2%2Fproduct_cat&post=348"},{"taxonomy":"product_tag","embeddable":true,"href":"https:\/\/josuti.hu\/index.php?rest_route=%2Fwp%2Fv2%2Fproduct_tag&post=348"}],"curies":[{"name":"wp","href":"https:\/\/api.w.org\/{rel}","templated":true}]}}