{"id":6,"date":"2020-03-18T16:58:27","date_gmt":"2020-03-18T14:58:27","guid":{"rendered":"http:\/\/josuti.hu\/?page_id=6"},"modified":"2025-08-10T11:37:21","modified_gmt":"2025-08-10T09:37:21","slug":"one-page-express-pro","status":"publish","type":"page","link":"https:\/\/josuti.hu\/","title":{"rendered":"F\u0151oldal"},"content":{"rendered":"<div id=\"content-4\" class=\"content-right-image-section content-image-right\" style=\"background-color: #ffffff;\" data-label=\"Content\" data-id=\"content-image-right\" data-category=\"content\">\n<div class=\"gridContainer\">\n<div class=\"content-right-image-gridcol\">\n<div class=\"content-right-image-textcol dynamic-color\" data-type=\"column\"><\/div>\n<div class=\"content-right-image-imgcol\" data-type=\"column\"><\/div>\n<\/div>\n<\/div>\n<\/div>\n<div id=\"about-us-2\" class=\"about-image-section-pro\" style=\"background-color: #f6f6f6;\" data-label=\"About us\" data-id=\"about-image-section-pro\" data-category=\"about\">\n<div class=\"gridContainer\">\n<div class=\"row about-image-gridcol-pro\">\n<div class=\"about-image-textcol-pro\" data-type=\"column\">\n<h2 class=\"\">Kik vagyunk mi?<\/h2>\n<p style=\"font-weight: 400;\">Sziasztok! Mi vagyunk a J\u00f3 S\u00fcti \u2013 egy kis csal\u00e1di s\u00fctim\u0171hely, ahol Rita \u00e9s \u00e9n, Istv\u00e1n, k\u00f6z\u00f6sen alkotjuk a finoms\u00e1gokat. A csal\u00e1dban a s\u00fcti k\u00e9sz\u00edt\u00e9s a mindennapok r\u00e9sze, a nagysz\u00fcl\u0151k, szomsz\u00e9d n\u00e9nik, mindennap s\u00fct\u00f6gettek, nem csak \u00fcnnepekkor. Ez a szenved\u00e9ly most vel\u00fcnk folytat\u00f3dik.<\/p>\n<p style=\"font-weight: 400;\">N\u0151tincsre k\u00f6lt\u00f6zt\u00fcnk, ahol egy kis cukr\u00e1szm\u0171helyben k\u00e9sz\u00edtj\u00fck a finoms\u00e1gokat \u2013 itt sz\u00fcletnek a h\u00e1zi s\u00fctik,\u00a0amikhez\u00a0hozz\u00e1adjuk a saj\u00e1t kreativit\u00e1sunkat \u00e9s a vend\u00e9gl\u00e1t\u00e1sb\u00f3l hozott tud\u00e1sunkat. Hisz\u00fcnk abban, hogy a legjobb s\u00fctit akkor kapj\u00e1tok ha olyat adunk ki a kez\u00fcnkb\u0151l amit mi magunk is sz\u00edvesen fogyasztunk. \u00cdgy k\u00e9sz\u00edtj\u00fck a h\u00e1zias finoms\u00e1gokat: a kezdeti r\u00e9tesekt\u0151l \u00e9s\u00a0pog\u00e1cs\u00e1kt\u00f3l\u00a0eg\u00e9szen a t\u00f6bb mint 30 f\u00e9le\u00a0s\u00fctem\u00e9nyig\u00a0\u00e9s\u00a0tort\u00e1ig, gondolva az\u00a0\u00e9tel\u00e9rz\u00e9kenyekre\u00a0is.<\/p>\n<p class=\"\">Term\u00e9keinket\u00a0 szem\u00e9lyesen el\u00e9rhet\u0151ek\u00a0 szombatonk\u00e9nt Budapesten a Hunyadi t\u00e9ri termel\u0151i piacon.<\/p>\n<a class=\"\" href=\"https:\/\/www.facebook.com\/pages\/Hunyadi-Teri-Piac\/122357087916586\">Hunyadi Teri Piac | Facebook<\/a>\n\n-N\u0151tincsen a N\u0151tincsi Nemcsakpiacon minden h\u00f3nap harmadik vas\u00e1rnapj\u00e1n.\n\n<a class=\"\" href=\"https:\/\/www.facebook.com\/nemcsakpiac\">Facebook<\/a>\n<p class=\"\">-Ver\u0151c\u00e9n a Zseng\u00e9l\u0151 k\u00e1v\u00e9z\u00f3ban.<\/p>\n<a href=\"https:\/\/www.facebook.com\/zsengelocafe\">(2) Facebook<\/a>\n<div class=\"spacer\" data-type=\"group\"><\/div>\n<\/div>\n<div class=\"\" data-type=\"column\"><\/div>\n<\/div>\n<\/div>\n<\/div>\n<div id=\"contact-2\" class=\"contact-2columns-section contact-columns-section-2\" style=\"background-color: #f6f6f6;\" data-label=\"Contact\" data-id=\"contact-columns-section-2\" data-category=\"contact\">\n<div class=\"gridContainer dynamic-color\">\n<div class=\"contact-2columns-textrow\">\n<div class=\"contact-2columns-textcol\">\n<h2>L\u00e9pjen kapcsolatba vel\u00fcnk<\/h2>\nV\u00e1llalunk rendszeres kisz\u00e1ll\u00edt\u00e1st k\u00e1v\u00e9z\u00f3kba, delicates boltokba valamint rendezv\u00e9nyekre, sz\u00fclet\u00e9snapi zs\u00farokra \u00e9s egy\u00e9b \u00f6sszej\u00f6vetelekre, k\u00e9rem\u00a0 \u00edrjon emailt vagy keressen minket telefonon.\n\n<\/div>\n<\/div>\n<div class=\"contact-2columns-contentrow\">\n<div class=\"contact-2columns-formrow\">\n<div class=\"contact-2columns-formcol\" data-content-shortcode=\"one_page_express_contact_form shortcode=&quot;contact-form-7 id=&amp;amp;quot;56&amp;amp;quot; title=&amp;amp;quot;Contact form 1&amp;amp;quot;&quot;\" data-editable=\"true\">[contact-form-7 id=\"56\" title=\"Contact form 1\"]<\/div>\n<div class=\"contact-2columns-contactcol\">\n<h5>Szeretn\u00e9nk hallani \u00f6nr\u0151l<\/h5>\nHa b\u00e1rmilyen k\u00e9rd\u00e9se van a term\u00e9keinkkel vagy rendel\u00e9ssel kapcsolatban k\u00e9rj\u00fck \u00edrjon emailt vagy h\u00edvjon minket telefonon.\n<h5>El\u00e9rhet\u0151s\u00e9g<\/h5>\n<div class=\"contact-2columns-itemrow\">\n<div class=\"contact-2columns-iconcol\"><\/div>\n<div class=\"column_284\">\n<p class=\"contact-2columns-itemtextcol\">2610 N\u0151tincs Repce utca.1<\/p>\n\n<\/div>\n<\/div>\n<div class=\"contact-2columns-itemrow\">\n<div class=\"contact-2columns-iconcol\"><\/div>\n<div class=\"column_284\">\n<p class=\"contact-2columns-itemtextcol\">+36-20-372-4235<\/p>\n\n<\/div>\n<\/div>\n<div class=\"contact-2columns-itemrow\">\n<div class=\"contact-2columns-iconcol\"><\/div>\n<div class=\"column_284\">\n<p class=\"contact-2columns-itemtextcol\">heritagelandkft@gmail.com<\/p>\n\n<\/div>\n<\/div>\n<div class=\"contact-2columns-itemrow\">\n<div class=\"contact-2columns-iconcol\"><\/div>\n<div class=\"column_284\">\n<p class=\"contact-2columns-itemtextcol\">https:\/\/www.facebook.com\/J%C3%B3-s%C3%BCti-105498664381798\/<\/p>\n\n<\/div>\n<\/div>\n<\/div>\n<\/div>\n<\/div>\n<\/div>\n<\/div>","protected":false},"excerpt":{"rendered":"<p>Kik vagyunk mi? Sziasztok! Mi vagyunk a J\u00f3 S\u00fcti \u2013 egy kis csal\u00e1di s\u00fctim\u0171hely, ahol Rita \u00e9s \u00e9n, Istv\u00e1n, k\u00f6z\u00f6sen alkotjuk a finoms\u00e1gokat. A csal\u00e1dban a s\u00fcti k\u00e9sz\u00edt\u00e9s a mindennapok r\u00e9sze, a nagysz\u00fcl\u0151k, szomsz\u00e9d n\u00e9nik, mindennap s\u00fct\u00f6gettek, nem csak \u00fcnnepekkor. Ez a szenved\u00e9ly most vel\u00fcnk folytat\u00f3dik. N\u0151tincsre k\u00f6lt\u00f6zt\u00fcnk, ahol egy kis cukr\u00e1szm\u0171helyben k\u00e9sz\u00edtj\u00fck a finoms\u00e1gokat&hellip; <br \/> <a class=\"button small blue\" href=\"https:\/\/josuti.hu\/?p=1\">Read more<\/a><\/p>\n","protected":false},"author":1,"featured_media":0,"parent":0,"menu_order":0,"comment_status":"closed","ping_status":"closed","template":"full-width-page.php","meta":{"footnotes":""},"class_list":["post-6","page","type-page","status-publish","hentry"],"_links":{"self":[{"href":"https:\/\/josuti.hu\/index.php?rest_route=\/wp\/v2\/pages\/6"}],"collection":[{"href":"https:\/\/josuti.hu\/index.php?rest_route=\/wp\/v2\/pages"}],"about":[{"href":"https:\/\/josuti.hu\/index.php?rest_route=\/wp\/v2\/types\/page"}],"author":[{"embeddable":true,"href":"https:\/\/josuti.hu\/index.php?rest_route=\/wp\/v2\/users\/1"}],"replies":[{"embeddable":true,"href":"https:\/\/josuti.hu\/index.php?rest_route=%2Fwp%2Fv2%2Fcomments&post=6"}],"version-history":[{"count":63,"href":"https:\/\/josuti.hu\/index.php?rest_route=\/wp\/v2\/pages\/6\/revisions"}],"predecessor-version":[{"id":755,"href":"https:\/\/josuti.hu\/index.php?rest_route=\/wp\/v2\/pages\/6\/revisions\/755"}],"wp:attachment":[{"href":"https:\/\/josuti.hu\/index.php?rest_route=%2Fwp%2Fv2%2Fmedia&parent=6"}],"curies":[{"name":"wp","href":"https:\/\/api.w.org\/{rel}","templated":true}]}}