{"id":3,"date":"2020-03-11T08:53:18","date_gmt":"2020-03-11T08:53:18","guid":{"rendered":"http:\/\/josuti.hu\/?page_id=3"},"modified":"2020-04-23T16:06:50","modified_gmt":"2020-04-23T14:06:50","slug":"untitled-page-2020-04-23-140456","status":"publish","type":"page","link":"https:\/\/josuti.hu\/?page_id=3","title":{"rendered":"\u00c1ltal\u00e1nos Szerz\u0151d\u00e9si Felt\u00e9telek! (\u00c1FSZ)"},"content":{"rendered":"<p>www.josuti.hu<\/p><p>\u00dcdv\u00f6z\u00f6lj\u00fck honlapunkon! K\u00f6sz\u00f6nj\u00fck, hogy v\u00e1s\u00e1rl\u00e1s\u00e1val megtisztel.<\/p><p>K\u00e9rj\u00fck rendel\u00e9se el\u0151tt olvassa el az alul \u00edrott dokumentumot mert megrendel\u00e9se v\u00e9gleges\u00edt\u00e9s\u00e9vel \u00d6n elfogadja az \u00c1FSZ tartalm\u00e1t.<\/p><p>K\u00e9rj\u00fck ha jelen (\u00c1FSZ) szerz\u0151d\u00e9ssel valamint a web\u00e1ruh\u00e1z tartalm\u00e1val b\u00e1rmilyen k\u00e9rd\u00e9se lenne k\u00e9rem vegye fel vel\u00fcnk a kapcsolatot.<\/p><p>Impresszum:A v\u00e1llalkoz\u00e1s adatai<\/p><p>N\u00e9v:Heritage Land Kft<\/p><p>Sz\u00e9khely:2610 N\u0151tincs Repce u.1<\/p><p>Levelez\u00e9si c\u00edm:2610 N\u0151tincs Repce u.1<\/p><p>Telefonsz\u00e1m:+36 20&nbsp;372 -42-35<\/p><p>e-mail c\u00edm:heritagelandkft@gmail.com<\/p><p>Honlap:www.josuti.hu<\/p><p>Banksz\u00e1mlasz\u00e1m: HU79 1040 0205 5052 6775 6549 1017<\/p><p>Nyilv\u00e1ntart\u00e1sba vev\u0151 hat\u00f3s\u00e1g: F\u0151v\u00e1rosi T\u00f6rv\u00e9nysz\u00e9k C\u00e9gb\u00edr\u00f3s\u00e1ga<\/p><p>C\u00e9gjegyz\u00e9ksz\u00e1m:01-09-204119<\/p><p>Ad\u00f3sz\u00e1m:25174104-2-12<\/p><p>Enged\u00e9lyez\u0151 hat\u00f3s\u00e1g: N\u00f3gr\u00e1d Megyei Korm\u00e1nyhivatal<\/p><p>Enged\u00e9ly sz\u00e1m:19010194<\/p><p>T\u00e1rhely szolg\u00e1ltat\u00f3 adatai<\/p><p>N\u00e9v:<\/p><p>Sz\u00e9khely:<\/p><h2 class=\"wp-block-heading\">El\u00e9rhet\u0151s\u00e9g:<\/h2><h2 class=\"wp-block-heading\">Az \u00c1SZF hat\u00e1lya, elfogad\u00e1sa<\/h2><p>A k\u00f6z\u00f6tt\u00fcnk l\u00e9trej\u00f6v\u0151 szerz\u0151d\u00e9s tartalm\u00e1t \u2013 a vonatkoz\u00f3 k\u00f6telez\u0151 \u00e9rv\u00e9ny\u0171 jogszab\u00e1lyok rendelkez\u00e9sei mellett \u2013 a jelen \u00c1ltal\u00e1nos Szerz\u0151d\u00e9si Felt\u00e9telek (a tov\u00e1bbiakban: \u00c1SZF) hat\u00e1rozz\u00e1k meg. Ennek megfelel\u0151en tartalmazza a jelen \u00c1SZF az \u00d6nt \u00e9s benn\u00fcnket illet\u0151 jogokat \u00e9s k\u00f6telezetts\u00e9geket, a szerz\u0151d\u00e9s l\u00e9trej\u00f6tt\u00e9nek felt\u00e9teleit, a teljes\u00edt\u00e9si hat\u00e1rid\u0151ket, a sz\u00e1ll\u00edt\u00e1si \u00e9s fizet\u00e9si felt\u00e9teleket, a felel\u0151ss\u00e9gi szab\u00e1lyokat, valamint az el\u00e1ll\u00e1si jog gyakorl\u00e1s\u00e1nak felt\u00e9teleit.<\/p><p>A Honlap haszn\u00e1lat\u00e1hoz sz\u00fcks\u00e9ges azon technikai t\u00e1j\u00e9koztat\u00e1st, melyet jelen \u00c1SZF nem tartalmaz, a Honlapon el\u00e9rhet\u0151 egy\u00e9b t\u00e1j\u00e9koztat\u00e1sok ny\u00fajtj\u00e1k.<\/p><p>\u00d6n a megrendel\u00e9se v\u00e9gleges\u00edt\u00e9se el\u0151tt k\u00f6teles megismerni a jelen \u00c1SZF rendelkez\u00e9seit. A web\u00e1ruh\u00e1zunkon kereszt\u00fcl t\u00f6rt\u00e9n\u0151 v\u00e1s\u00e1rl\u00e1ssal \u00d6n elfogadja a jelen \u00c1SZF rendelkez\u00e9seit, \u00e9s az \u00c1SZF marad\u00e9ktalanul az \u00d6n \u00e9s az Elad\u00f3 k\u00f6z\u00f6tt l\u00e9trej\u00f6v\u0151 szerz\u0151d\u00e9s r\u00e9sz\u00e9t k\u00e9pezi.<\/p><p>A szerz\u0151d\u00e9s nyelve \u00e9s annak form\u00e1ja!<\/p><p>A szerz\u0151d\u00e9s magyar nyelven a szerz\u0151d\u00e9sbe foglaltak \u00edr\u00e1sba foglalt szerz\u0151d\u00e9snek min\u0151s\u00fclnek.<\/p><p>A web\u00e1ruh\u00e1zzal haszn\u00e1lat\u00e1val kapcsolatos \u00e1ltal\u00e1nos inform\u00e1ci\u00f3k, szab\u00e1lyok.<\/p><p>A kiv\u00e1lasztott term\u00e9keket regisztr\u00e1ci\u00f3val valamint vend\u00e9g v\u00e1s\u00e1rl\u00f3k\u00e9nt, regisztr\u00e1ci\u00f3 n\u00e9lk\u00fcl is lehets\u00e9ges megrendelni. A leadott rendel\u00e9seket folyamatosan dolgozzuk fel ,csak a megjel\u00f6lt id\u0151pontig leadott rendel\u00e9seket \u00e1ll m\u00f3dunkban teljes\u00edteni. Minden esetben a kiv\u00e1lasztott term\u00e9keket a kos\u00e1rba kell helyezni. A v\u00e1s\u00e1rl\u00e1s v\u00e9gleges\u00edt\u00e9se el\u0151tt lehet\u0151s\u00e9g van a kos\u00e1r tartalm\u00e1t m\u00f3dos\u00edtani vagy ak\u00e1r teljesen \u00fcr\u00edteni is.&nbsp;&nbsp; Miut\u00e1n megt\u00f6rt\u00e9nt a kos\u00e1r tartalm\u00e1nak ellen\u0151rz\u00e9se tov\u00e1bb l\u00e9phet a fizet\u00e9s kiv\u00e1laszt\u00e1s\u00e1hoz. Itt k\u00e9tf\u00e9le fizet\u00e9si felt\u00e9tel k\u00f6z\u00fcl tud v\u00e1lasztani. Szem\u00e9lyes \u00e1tv\u00e9telkor k\u00e9szp\u00e9nzes vagy el\u0151re banki \u00e1tutal\u00e1ssal. A v\u00e1s\u00e1rl\u00f3 a leadott rendel\u00e9se ut\u00e1n minden esetben egy visszaigazol\u00f3 e-mailt kap ami tartalmazza a megrendelt term\u00e9k list\u00e1j\u00e1t \u00e1rral, illetve a fizet\u00e9shez sz\u00fcks\u00e9ges inform\u00e1ci\u00f3kat. A banki utal\u00e1sos rendel\u00e9sekn\u00e9l a visszaigazol\u00f3 e-mail tartalmazza az utal\u00e1shoz sz\u00fcks\u00e9ges banki adatokat. Minden term\u00e9ket kisz\u00e1ll\u00edt\u00e1ssal juttatunk el a megrendel\u0151h\u00f6z az \u00e1ltalunk megadott sz\u00e1ll\u00edt\u00e1si id\u0151pontokban amir\u0151l a vev\u0151 a kisz\u00e1ll\u00edt\u00e1s men\u00fcpontban el\u0151re is t\u00e1j\u00e9koz\u00f3dhat. \u00dczlethelyis\u00e9ggel nem rendelkez\u00fcnk \u00edgy csak a megadott kisz\u00e1ll\u00edt\u00e1si c\u00edmeken vehet\u0151 \u00e1t a term\u00e9k. A hib\u00e1san megadott rendel\u00e9si illetve sz\u00e1ll\u00edt\u00e1si adatokb\u00f3l ad\u00f3d\u00f3 hib\u00e1k\u00e9rt felel\u0151s\u00e9get nem tudunk v\u00e1llani. Amennyiben t\u00e9ves adatokat adott meg k\u00e9rem mihamarabb jelezze munkat\u00e1rsunknak a megadott el\u00e9rhet\u0151s\u00e9gek valamelyik\u00e9n a hiba kijav\u00edt\u00e1sa \u00e9rdek\u00e9ben. Kisz\u00e1ll\u00edt\u00e1si k\u00f6lts\u00e9get nem sz\u00e1molunk fel de van minimum rendel\u00e9s ami 5 term\u00e9k. A kisz\u00e1ll\u00edt\u00e1st a c\u00e9g maga v\u00e9gzi saj\u00e1t g\u00e9pj\u00e1rm\u0171vel.<\/p><p>Szavatoss\u00e1g \u00e9s Panaszt\u00e9tel<\/p><p>Az \u00e1ltalunk \u00e1rus\u00edtott term\u00e9kekre a term\u00e9kek \u00e9lelmiszer jellege miatt az \u00e1ltal\u00e1nosan elfogadott 14 napos el\u00e1ll\u00e1si jog nem \u00e9rv\u00e9nyes. Ha a term\u00e9keinkn\u00e9l min\u0151s\u00e9gi probl\u00e9ma mer\u00fclne fel ezt jelezhetik a c\u00e9g munkat\u00e1rsainak \u00e9s panasszal \u00e9lhetnek. <strong>A sz\u00f3beli panaszt a c\u00e9g\u00fcnk k\u00f6teles azonnal kivizsg\u00e1lni, lehet\u0151s\u00e9g szerint mindk\u00e9t f\u00e9l sz\u00e1m\u00e1ra kiel\u00e9g\u00edt\u0151en megoldani &nbsp;&nbsp;<\/strong>Panaszt\u00e9tel lehets\u00e9ges a&nbsp;<strong>fogyaszt\u00f3v\u00e9delmi hat\u00f3s\u00e1gokn\u00e1l is <\/strong>&nbsp;Ha a fogyaszt\u00f3 az \u0151 fogyaszt\u00f3i jogainak a csorb\u00edt\u00e1s\u00e1t \u00e9rzi, \u00fagy ebben az esetben panasszal fordulhat a lak\u00f3helye szerint fogyaszt\u00f3v\u00e9delmi hat\u00f3s\u00e1ghoz.<\/p><p>&nbsp;<strong>Az egyes ter\u00fcletileg illet\u00e9kes B\u00e9k\u00e9ltet\u0151 Test\u00fcletek el\u00e9rhet\u0151s\u00e9gei:<\/strong><\/p><p><strong>Baranya Megyei B\u00e9k\u00e9ltet\u0151 Test\u00fclet<\/strong><br>C\u00edm: 7625 P\u00e9cs, Majorossy I. u. 36.<br>Telefonsz\u00e1m: 06-72-507-154<br>Fax: 06-72-507-152<br>E-mail:&nbsp;<a href=\"mailto:abeck@pbkik.hu\">abeck@pbkik.hu<\/a>;&nbsp;<a href=\"mailto:mbonyar@pbkik.hu\">mbonyar@pbkik.hu<\/a><\/p><p><strong>B\u00e1cs-Kiskun Megyei B\u00e9k\u00e9ltet\u0151 Test\u00fclet<\/strong><br>C\u00edm: 6000 Kecskem\u00e9t, \u00c1rp\u00e1d krt. 4.<br>Telefonsz\u00e1m: 06-76-501-500; 06-76-501-525, 06-76-501-523<br>Fax: 06-76-501-538<br>E-mail:&nbsp;<a href=\"mailto:bekeltetes@bacsbekeltetes.hu\">bekeltetes@bacsbekeltetes.hu<\/a>;&nbsp;<a href=\"mailto:mariann.matyus@bkmkik.hu\">mariann.matyus@bkmkik.hu<\/a><br>Honlap:&nbsp;<a href=\"http:\/\/www.bacsbekeltetes.hu\/\" target=\"_blank\" rel=\"noreferrer noopener\">www.bacsbekeltetes.hu<\/a><\/p><p><strong>B\u00e9k\u00e9s Megyei B\u00e9k\u00e9ltet\u0151 Test\u00fclet<\/strong><br>C\u00edm: 5600 B\u00e9k\u00e9scsaba, Penza ltp. 5.<br>Telefonsz\u00e1m: 06-66-324-976<br>Fax: 06-66-324-976<br>E-mail:&nbsp;<a href=\"mailto:eva.toth@bmkik.hu\">eva.toth@bmkik.hu<\/a><\/p><p><strong>Borsod-Aba\u00faj-Zempl\u00e9n Megyei B\u00e9k\u00e9ltet\u0151 Test\u00fclet<\/strong><br>C\u00edm: 3525 Miskolc, Szentp\u00e1li u. 1.<br>Telefonsz\u00e1m:06-46-501-091;06-46-501-870<br>Fax: 06-46-501-099<br>E-mail:&nbsp;<a href=\"mailto:kalna.zsuzsa@bokik.hu\">kalna.zsuzsa@bokik.hu<\/a><\/p><p><strong>Budapesti B\u00e9k\u00e9ltet\u0151 Test\u00fclet<\/strong><br>C\u00edm: 1016 Budapest, Krisztina krt. 99. III. em. 310.<br>Telefonsz\u00e1m: 06-1-488-2131<br>Fax: 06-1-488-2186<br>E-mail:&nbsp;<a href=\"mailto:bekelteto.testulet@bkik.hu\">bekelteto.testulet@bkik.hu<\/a><\/p><p><strong>Csongr\u00e1d Megyei B\u00e9k\u00e9ltet\u0151 Test\u00fclet<\/strong><br>C\u00edm: 6721 Szeged, P\u00e1rizsi krt. 8-12.<br>Telefonsz\u00e1m: 06-62-554-250\/118<br>Fax: 06-62-426-149<br>E-mail:&nbsp;<a href=\"mailto:bekelteto.testulet@csmkik.hu\">bekelteto.testulet@csmkik.hu<\/a><\/p><p><strong>Fej\u00e9r Megyei B\u00e9k\u00e9ltet\u0151 Test\u00fclet<\/strong><br>C\u00edm: 8000 Sz\u00e9kesfeh\u00e9rv\u00e1r, Hossz\u00fas\u00e9tat\u00e9r 4-6.<br>Telefonsz\u00e1m:06-22-510-310<br>Fax: 06-22-510-312<br>E-mail:&nbsp;<a href=\"mailto:fmkik@fmkik.hu\">fmkik@fmkik.hu<\/a><\/p><p><strong>Gy\u0151r-Moson-Sopron Megyei B\u00e9k\u00e9ltet\u0151 Test\u00fclet<\/strong><br>C\u00edm: 9021 Gy\u0151r, Szent Istv\u00e1n \u00fat 10\/a.<br>Telefonsz\u00e1m: 06-96-520-217<br>Fax: 06-96-520-218<br>E-mail:&nbsp;<a href=\"mailto:bekeltetotestulet@gymskik.hu\">bekeltetotestulet@gymskik.hu<\/a><\/p><p><strong>Hajd\u00fa-Bihar Megyei B\u00e9k\u00e9ltet\u0151 Test\u00fclet<\/strong><br>C\u00edm: 4025 Debrecen, V\u00f6r\u00f6smarty u. 13-15.<br>Telefonsz\u00e1m: 06-52-500-710<br>Fax: 06-52-500-720<br>E-mail:&nbsp;<a href=\"mailto:korosi.vanda@hbkik.hu\">korosi.vanda@hbkik.hu<\/a><\/p><p><strong>Heves Megyei B\u00e9k\u00e9ltet\u0151 Test\u00fclet<\/strong><br>C\u00edm: 3300 Eger, Faiskola \u00fat 15.<br>Telefonsz\u00e1m: 06-36-429-612<br>Fax: 06-36-323-615<br>E-mail:&nbsp;<a href=\"mailto:hkik@hkik.hu\">hkik@hkik.hu<\/a><\/p><p><strong><br>J\u00e1sz-Nagykun-Szolnok Megyei B\u00e9k\u00e9ltet\u0151 Test\u00fclet<\/strong><br>C\u00edm: 5000 Szolnok, Verseghy park 8. III. emelet 305-306.<br>Telefonsz\u00e1m: 06-56-510-621, 06-20-373-2570<br>Fax: 06-56-510-628<br>E-mail:&nbsp;<a href=\"mailto:bekeltetotestulet@jnszmkik.hu\">bekeltetotestulet@jnszmkik.hu<\/a><\/p><p><strong>Kom\u00e1rom-Esztergom Megyei B\u00e9k\u00e9ltet\u0151 Test\u00fclet<\/strong><br>C\u00edm: 2800 Tatab\u00e1nya, F\u0151 t\u00e9r 36.<br>Telefonsz\u00e1m: 06-34-513-027<br>Fax: 06-34-316-259<br>E-mail:&nbsp;<a href=\"mailto:szilvi@kemkik.hu\">szilvi@kemkik.hu<\/a><\/p><p><strong>N\u00f3gr\u00e1d Megyei B\u00e9k\u00e9ltet\u0151 Test\u00fclet<\/strong><br>C\u00edm: 3100 Salg\u00f3tarj\u00e1n, Alkotm\u00e1ny \u00fat 9\/A.<br>Telefonsz\u00e1m: 06-32-520-860<br>Fax: 06-32-520-862<br>E-mail:&nbsp;<a href=\"mailto:nkik@nkik.hu\">nkik@nkik.hu<\/a><\/p><p><strong>Pest Megyei B\u00e9k\u00e9ltet\u0151 Test\u00fclet<\/strong><br>C\u00edm: 1119 Budapest, Etele \u00fat 59-61. II. emelet 240.<br>Levelez\u00e9si c\u00edm: 1364 Budapest, Pf.: 81<br>Telefonsz\u00e1m: 06-1-269-0703<br>Fax: 06-1-474-7921<br>E-mail:&nbsp;<a href=\"mailto:pmbekelteto@pmkik.hu\">pmbekelteto@pmkik.hu<\/a><\/p><p><strong>Somogy Megyei B\u00e9k\u00e9ltet\u0151 Test\u00fclet<\/strong><br>C\u00edm: 7400 Kaposv\u00e1r, Anna u.6.<br>Telefonsz\u00e1m: 06-82-501-026<br>Fax: 06-82-501-046<br>E-mail:&nbsp;<a href=\"mailto:skik@skik.hu\">skik@skik.hu<\/a><\/p><p><strong>Szabolcs-Szatm\u00e1r-Bereg Megyei B\u00e9k\u00e9ltet\u0151 Test\u00fclet<\/strong><br>C\u00edm: 4400 Ny\u00edregyh\u00e1za, Sz\u00e9chenyi u. 2.<br>Telefonsz\u00e1m: 06-42-311-544<br>Fax: 06-42-311-750<br>E-mail:&nbsp;<a href=\"mailto:bekelteto@szabkam.hu\">bekelteto@szabkam.hu<\/a><\/p><p><strong>Tolna Megyei B\u00e9k\u00e9ltet\u0151 Test\u00fclet<\/strong><br>C\u00edm: 7100 Szeksz\u00e1rd, Arany J. u. 23-25. III. emelet<br>Telefonsz\u00e1m: 06-74-411-661<br>Fax: 06-74-411-456<br>E-mail:&nbsp;<a href=\"mailto:kamara@tmkik.hu\">kamara@tmkik.hu<\/a><\/p><p><strong>Vas Megyei B\u00e9k\u00e9ltet\u0151 Test\u00fclet<\/strong><br>C\u00edm: 9700 Szombathely, Honv\u00e9d t\u00e9r 2.<br>Telefonsz\u00e1m: 06-94-312-356<br>Fax: 06-94-316-936<br>E-mail:&nbsp;<a href=\"mailto:vmkik@vmkik.hu\">vmkik@vmkik.hu<\/a><\/p><p><strong>Veszpr\u00e9m Megyei B\u00e9k\u00e9ltet\u0151 Test\u00fclet<\/strong><br>C\u00edm: 8200 Veszpr\u00e9m, Radn\u00f3ti t\u00e9r 1. f\u00f6ldszint 116.<br>Telefonsz\u00e1m: 06-88-429-008<br>Fax: 06-88-412-150<br>E-mail:&nbsp;<a href=\"mailto:bekelteto@veszpremikamara.hu\">bekelteto@veszpremikamara.hu<\/a><\/p><p><strong>Zala Megyei B\u00e9k\u00e9ltet\u0151 Test\u00fclet<\/strong><br>C\u00edm: 8900 Zalaegerszeg, Pet\u0151fi u. 24.<br>Telefonsz\u00e1m: 06-92-550-513<br>Fax: 06-92-550-525<br>E-mail:&nbsp;<a href=\"mailto:zmbekelteto@zmkik.hu\">zmbekelteto@zmkik.hu<\/a><\/p><p>Elj\u00e1r\u00e1s hib\u00e1san felt\u00fcntetett \u00e1r vagy m\u00e1r k\u00e9szleten t\u00e9nylegesen nem l\u00e9v\u0151 term\u00e9k elad\u00e1sakor.<\/p><p>Amennyiben egy term\u00e9k \u00e1ra rosszul lett ki\u00edrva azt az elad\u00f3 nem k\u00f6teles odaadni de felk\u00edn\u00e1lhatja egy kedvez\u0151 \u00e1ron a vev\u0151nek.<\/p><p>Ha t\u00e9nylegesen m\u00e1r k\u00e9szleten nem l\u00e9v\u0151 \u00e1r\u00fa ker\u00fcl megrendel\u00e9sre \u00fagy ebben a nem v\u00e1rt helyzetben az elad\u00f3 m\u00e1s hasonl\u00f3 term\u00e9ket k\u00edn\u00e1l fel a vev\u0151nek a megegyez\u00e9s c\u00e9lj\u00e1b\u00f3l amit a vev\u0151 nem k\u00f6teles elfogadni.<\/p><p>Jogfenntart\u00e1s<\/p><p>Ha \u00f6n kor\u00e1bban m\u00e1r rendelt term\u00e9ket \u00e9s azt a rendel\u00e9st k\u00f6vet\u0151 kisz\u00e1ll\u00edt\u00e1s folyam\u00e1n nem vette \u00e1t (kiv\u00e9ve ha \u00e9lt fogyaszt\u00f3i kifog\u00e1s\u00e1val) nem fizette ki, \u00fagy az elad\u00f3 a k\u00f6vetkez\u0151 rendel\u00e9s\u00e9t csak a v\u00e9tel\u00e1r teljes kifizet\u00e9se ut\u00e1n sz\u00e1ll\u00edtja ki.<\/p><h2 class=\"wp-block-heading\">JOGSZAB\u00c1LYOK<br><br><br>Vonatkoz\u00f3 jogszab\u00e1lyok<\/h2><p>A Szerz\u0151d\u00e9sre a magyar jog el\u0151\u00edr\u00e1sai az ir\u00e1nyad\u00f3ak, \u00e9s k\u00fcl\u00f6n\u00f6sen az al\u00e1bbi jogszab\u00e1lyok vonatkoznak:<\/p><p>1997. \u00e9vi CLV. t\u00f6rv\u00e9ny a fogyaszt\u00f3v\u00e9delemr\u0151l<br><br>2001. \u00e9vi CVIII. t\u00f6rv\u00e9ny az elektronikus kereskedelmi szolg\u00e1ltat\u00e1sok, valamint az inform\u00e1ci\u00f3s t\u00e1rsadalommal \u00f6sszef\u00fcgg\u0151 szolg\u00e1ltat\u00e1sok egyes k\u00e9rd\u00e9seir\u0151l<br><br>2013. \u00e9vi V. t\u00f6rv\u00e9ny a Polg\u00e1ri T\u00f6rv\u00e9nyk\u00f6nyvr\u0151l<br><br>151\/2003. (IX.22.) korm\u00e1nyrendelet a tart\u00f3s fogyaszt\u00e1si cikkekre vonatkoz\u00f3 k\u00f6telez\u0151 j\u00f3t\u00e1ll\u00e1sr\u00f3l<\/p><p>45\/2014. (II.26.) korm\u00e1nyrendelet a fogyaszt\u00f3 \u00e9s a v\u00e1llalkoz\u00e1s k\u00f6z\u00f6tti szerz\u0151d\u00e9sek r\u00e9szletes szab\u00e1lyair\u00f3l &nbsp;&nbsp;&nbsp;<\/p><p>19\/2014. (IV.29.) NGM rendelet a fogyaszt\u00f3 \u00e9s v\u00e1llalkoz\u00e1s k\u00f6z\u00f6tti szerz\u0151d\u00e9s keret\u00e9ben eladott dolgokra vonatkoz\u00f3 szavatoss\u00e1gi \u00e9s j\u00f3t\u00e1ll\u00e1si ig\u00e9nyek int\u00e9z\u00e9s\u00e9nek elj\u00e1r\u00e1si szab\u00e1lyair\u00f3l<\/p><p>1999. \u00e9vi LXXVI. t\u00f6rv\u00e9ny a szerz\u0151i jogr\u00f3l<br><br>2011. \u00e9vi CXII. t\u00f6rv\u00e9ny az inform\u00e1ci\u00f3s \u00f6nrendelkez\u00e9si jogr\u00f3l \u00e9s az inform\u00e1ci\u00f3szabads\u00e1gr\u00f3l<br><br>AZ EUR\u00d3PAI PARLAMENT \u00c9S A TAN\u00c1CS (EU) 2018\/302 RENDELETE (2018. febru\u00e1r 28.) a bels\u0151 piacon bel\u00fcl a vev\u0151 \u00e1llampolg\u00e1rs\u00e1ga, lak\u00f3helye vagy leteleped\u00e9si helye alapj\u00e1n t\u00f6rt\u00e9n\u0151 indokolatlan ter\u00fcleti alap\u00fa tartalomkorl\u00e1toz\u00e1ssal \u00e9s a megk\u00fcl\u00f6nb\u00f6ztet\u00e9s egy\u00e9b form\u00e1ival szembeni fell\u00e9p\u00e9sr\u0151l, valamint a 2006\/2004\/EK \u00e9s az (EU) 2017\/2394 rendelet, tov\u00e1bb\u00e1 a 2009\/22\/EK ir\u00e1nyelv m\u00f3dos\u00edt\u00e1s\u00e1r\u00f3l<\/p><p>AZ EUR\u00d3PAI PARLAMENT \u00c9S A TAN\u00c1CS (EU) 2016\/679 RENDELETE (2016. \u00e1prilis 27.) a term\u00e9szetes szem\u00e9lyeknek a szem\u00e9lyes adatok kezel\u00e9se tekintet\u00e9ben t\u00f6rt\u00e9n\u0151 v\u00e9delm\u00e9r\u0151l \u00e9s az ilyen adatok szabad \u00e1raml\u00e1s\u00e1r\u00f3l, valamint a 95\/46\/EK rendelet hat\u00e1lyon k\u00edv\u00fcl helyez\u00e9s\u00e9r\u0151l (\u00e1ltal\u00e1nos adatv\u00e9delmi rendelet)<\/p><p><strong>\u00c1RAK<\/strong><\/p><p>Az \u00e1rak forintban lettek megadva, tartalmazz\u00e1k a 27%-os \u00c1F\u00c1-t.<\/p><p><\/p><p><\/p>","protected":false},"excerpt":{"rendered":"<p>www.josuti.hu\u00dcdv\u00f6z\u00f6lj\u00fck honlapunkon! K\u00f6sz\u00f6nj\u00fck, hogy v\u00e1s\u00e1rl\u00e1s\u00e1val megtisztel.K\u00e9rj\u00fck rendel\u00e9se el\u0151tt olvassa el az alul \u00edrott dokumentumot mert megrendel\u00e9se v\u00e9gleges\u00edt\u00e9s\u00e9vel \u00d6n elfogadja az \u00c1FSZ tartalm\u00e1t.K\u00e9rj\u00fck ha jelen (\u00c1FSZ) szerz\u0151d\u00e9ssel valamint a web\u00e1ruh\u00e1z tartalm\u00e1val b\u00e1rmilyen k\u00e9rd\u00e9se lenne k\u00e9rem vegye fel vel\u00fcnk a kapcsolatot.Impresszum:A v\u00e1llalkoz\u00e1s adataiN\u00e9v:Heritage Land KftSz\u00e9khely:2610 N\u0151tincs Repce u.1Levelez\u00e9si c\u00edm:2610 N\u0151tincs Repce u.1Telefonsz\u00e1m:+36 20&nbsp;372 -42-35e-mail c\u00edm:heritagelandkft@gmail.comHonlap:www.josuti.huBanksz\u00e1mlasz\u00e1m: HU79 1040&hellip; <br \/> <a class=\"button small blue\" href=\"https:\/\/josuti.hu\/?p=1\">Read more<\/a><\/p>\n","protected":false},"author":1,"featured_media":0,"parent":0,"menu_order":0,"comment_status":"closed","ping_status":"open","template":"full-width-page.php","meta":{"footnotes":""},"class_list":["post-3","page","type-page","status-publish","hentry"],"_links":{"self":[{"href":"https:\/\/josuti.hu\/index.php?rest_route=\/wp\/v2\/pages\/3"}],"collection":[{"href":"https:\/\/josuti.hu\/index.php?rest_route=\/wp\/v2\/pages"}],"about":[{"href":"https:\/\/josuti.hu\/index.php?rest_route=\/wp\/v2\/types\/page"}],"author":[{"embeddable":true,"href":"https:\/\/josuti.hu\/index.php?rest_route=\/wp\/v2\/users\/1"}],"replies":[{"embeddable":true,"href":"https:\/\/josuti.hu\/index.php?rest_route=%2Fwp%2Fv2%2Fcomments&post=3"}],"version-history":[{"count":2,"href":"https:\/\/josuti.hu\/index.php?rest_route=\/wp\/v2\/pages\/3\/revisions"}],"predecessor-version":[{"id":225,"href":"https:\/\/josuti.hu\/index.php?rest_route=\/wp\/v2\/pages\/3\/revisions\/225"}],"wp:attachment":[{"href":"https:\/\/josuti.hu\/index.php?rest_route=%2Fwp%2Fv2%2Fmedia&parent=3"}],"curies":[{"name":"wp","href":"https:\/\/api.w.org\/{rel}","templated":true}]}}