{"id":255,"date":"2020-06-29T22:48:18","date_gmt":"2020-06-29T20:48:18","guid":{"rendered":"http:\/\/josuti.hu\/?page_id=255"},"modified":"2025-02-24T12:53:17","modified_gmt":"2025-02-24T10:53:17","slug":"itt-talalkozhatunk-ide-szallitunk","status":"publish","type":"page","link":"https:\/\/josuti.hu\/?page_id=255","title":{"rendered":"Itt tal\u00e1lkozhatunk,ide sz\u00e1ll\u00edtunk."},"content":{"rendered":"<figure class=\"wp-block-image size-large\"><img loading=\"lazy\" decoding=\"async\" width=\"1024\" height=\"731\" src=\"http:\/\/josuti.hu\/wp-content\/uploads\/2020\/03\/27-1024x731.jpg\" alt=\"\" class=\"wp-image-9\" srcset=\"https:\/\/josuti.hu\/wp-content\/uploads\/2020\/03\/27-1024x731.jpg 1024w, https:\/\/josuti.hu\/wp-content\/uploads\/2020\/03\/27-scaled-600x428.jpg 600w, https:\/\/josuti.hu\/wp-content\/uploads\/2020\/03\/27-300x214.jpg 300w, https:\/\/josuti.hu\/wp-content\/uploads\/2020\/03\/27-768x548.jpg 768w, https:\/\/josuti.hu\/wp-content\/uploads\/2020\/03\/27-1536x1096.jpg 1536w, https:\/\/josuti.hu\/wp-content\/uploads\/2020\/03\/27-2048x1461.jpg 2048w, https:\/\/josuti.hu\/wp-content\/uploads\/2020\/03\/27-1514x1080.jpg 1514w\" sizes=\"(max-width: 1024px) 100vw, 1024px\" \/><figcaption class=\"wp-element-caption\">Hunyadi T\u00e9ri termel\u0151i piac,minden szombaton d\u00e9lel\u0151tt.<\/figcaption><\/figure><figure class=\"wp-block-image size-large\"><img loading=\"lazy\" decoding=\"async\" width=\"720\" height=\"960\" src=\"http:\/\/josuti.hu\/wp-content\/uploads\/2020\/06\/79730652_163508691719216_4521444529290608640_n.jpg\" alt=\"\" class=\"wp-image-260\" srcset=\"https:\/\/josuti.hu\/wp-content\/uploads\/2020\/06\/79730652_163508691719216_4521444529290608640_n.jpg 720w, https:\/\/josuti.hu\/wp-content\/uploads\/2020\/06\/79730652_163508691719216_4521444529290608640_n-225x300.jpg 225w, https:\/\/josuti.hu\/wp-content\/uploads\/2020\/06\/79730652_163508691719216_4521444529290608640_n-600x800.jpg 600w\" sizes=\"(max-width: 720px) 100vw, 720px\" \/><\/figure><figure class=\"wp-block-image size-large\"><img loading=\"lazy\" decoding=\"async\" width=\"960\" height=\"960\" src=\"http:\/\/josuti.hu\/wp-content\/uploads\/2023\/05\/236199465_142528147985862_1326278366071207500_n.jpg\" alt=\"\" class=\"wp-image-532\" srcset=\"https:\/\/josuti.hu\/wp-content\/uploads\/2023\/05\/236199465_142528147985862_1326278366071207500_n.jpg 960w, https:\/\/josuti.hu\/wp-content\/uploads\/2023\/05\/236199465_142528147985862_1326278366071207500_n-300x300.jpg 300w, https:\/\/josuti.hu\/wp-content\/uploads\/2023\/05\/236199465_142528147985862_1326278366071207500_n-150x150.jpg 150w, https:\/\/josuti.hu\/wp-content\/uploads\/2023\/05\/236199465_142528147985862_1326278366071207500_n-768x768.jpg 768w, https:\/\/josuti.hu\/wp-content\/uploads\/2023\/05\/236199465_142528147985862_1326278366071207500_n-600x600.jpg 600w, https:\/\/josuti.hu\/wp-content\/uploads\/2023\/05\/236199465_142528147985862_1326278366071207500_n-100x100.jpg 100w\" sizes=\"(max-width: 960px) 100vw, 960px\" \/><figcaption class=\"wp-element-caption\">Zseng\u00e9l\u0151 Caf\u00e9 Ver\u0151ce<\/figcaption><\/figure><figure class=\"wp-block-image size-large\"><img loading=\"lazy\" decoding=\"async\" width=\"680\" height=\"510\" src=\"http:\/\/josuti.hu\/wp-content\/uploads\/2023\/05\/2022-10-29.jpg\" alt=\"\" class=\"wp-image-528\" srcset=\"https:\/\/josuti.hu\/wp-content\/uploads\/2023\/05\/2022-10-29.jpg 680w, https:\/\/josuti.hu\/wp-content\/uploads\/2023\/05\/2022-10-29-300x225.jpg 300w, https:\/\/josuti.hu\/wp-content\/uploads\/2023\/05\/2022-10-29-600x450.jpg 600w\" sizes=\"(max-width: 680px) 100vw, 680px\" \/><\/figure><p><\/p><figure class=\"wp-block-image size-large\"><img loading=\"lazy\" decoding=\"async\" width=\"275\" height=\"182\" src=\"http:\/\/josuti.hu\/wp-content\/uploads\/2023\/05\/1.jpg\" alt=\"\" class=\"wp-image-529\"\/><figcaption class=\"wp-element-caption\">Cs\u00f6m\u00f6ri Termel\u0151i piac minden h\u00f3nap els\u0151 \u00e9s harmadik szombat<\/figcaption><\/figure><figure class=\"wp-block-image size-large\"><img loading=\"lazy\" decoding=\"async\" width=\"768\" height=\"1024\" src=\"http:\/\/josuti.hu\/wp-content\/uploads\/2023\/01\/339274105_975148963428273_9156363366583638636_n-768x1024.jpg\" alt=\"\" class=\"wp-image-519\" srcset=\"https:\/\/josuti.hu\/wp-content\/uploads\/2023\/01\/339274105_975148963428273_9156363366583638636_n-768x1024.jpg 768w, https:\/\/josuti.hu\/wp-content\/uploads\/2023\/01\/339274105_975148963428273_9156363366583638636_n-225x300.jpg 225w, https:\/\/josuti.hu\/wp-content\/uploads\/2023\/01\/339274105_975148963428273_9156363366583638636_n-1152x1536.jpg 1152w, https:\/\/josuti.hu\/wp-content\/uploads\/2023\/01\/339274105_975148963428273_9156363366583638636_n-1024x1365.jpg 1024w, https:\/\/josuti.hu\/wp-content\/uploads\/2023\/01\/339274105_975148963428273_9156363366583638636_n-810x1080.jpg 810w, https:\/\/josuti.hu\/wp-content\/uploads\/2023\/01\/339274105_975148963428273_9156363366583638636_n-600x800.jpg 600w, https:\/\/josuti.hu\/wp-content\/uploads\/2023\/01\/339274105_975148963428273_9156363366583638636_n.jpg 1536w\" sizes=\"(max-width: 768px) 100vw, 768px\" \/><\/figure><figure class=\"wp-block-image size-large\"><img loading=\"lazy\" decoding=\"async\" width=\"225\" height=\"225\" src=\"http:\/\/josuti.hu\/wp-content\/uploads\/2023\/05\/letoltes.jpeg\" alt=\"\" class=\"wp-image-533\" srcset=\"https:\/\/josuti.hu\/wp-content\/uploads\/2023\/05\/letoltes.jpeg 225w, https:\/\/josuti.hu\/wp-content\/uploads\/2023\/05\/letoltes-150x150.jpeg 150w, https:\/\/josuti.hu\/wp-content\/uploads\/2023\/05\/letoltes-100x100.jpeg 100w\" sizes=\"(max-width: 225px) 100vw, 225px\" \/><figcaption class=\"wp-element-caption\">N\u0151tincsi Nemcsakpiac <\/figcaption><\/figure><figure class=\"wp-block-image size-large\"><img loading=\"lazy\" decoding=\"async\" width=\"800\" height=\"450\" src=\"http:\/\/josuti.hu\/wp-content\/uploads\/2023\/05\/9095-2207191839133137786.jpg\" alt=\"\" class=\"wp-image-531\" srcset=\"https:\/\/josuti.hu\/wp-content\/uploads\/2023\/05\/9095-2207191839133137786.jpg 800w, https:\/\/josuti.hu\/wp-content\/uploads\/2023\/05\/9095-2207191839133137786-300x169.jpg 300w, https:\/\/josuti.hu\/wp-content\/uploads\/2023\/05\/9095-2207191839133137786-768x432.jpg 768w, https:\/\/josuti.hu\/wp-content\/uploads\/2023\/05\/9095-2207191839133137786-600x338.jpg 600w\" sizes=\"(max-width: 800px) 100vw, 800px\" \/><\/figure><figure class=\"wp-block-image size-large\"><img loading=\"lazy\" decoding=\"async\" width=\"1024\" height=\"683\" src=\"http:\/\/josuti.hu\/wp-content\/uploads\/2023\/05\/342816398_3272462456398154_2791385107439756236_n-1024x683.jpg\" alt=\"\" class=\"wp-image-540\" srcset=\"https:\/\/josuti.hu\/wp-content\/uploads\/2023\/05\/342816398_3272462456398154_2791385107439756236_n-1024x683.jpg 1024w, https:\/\/josuti.hu\/wp-content\/uploads\/2023\/05\/342816398_3272462456398154_2791385107439756236_n-300x200.jpg 300w, https:\/\/josuti.hu\/wp-content\/uploads\/2023\/05\/342816398_3272462456398154_2791385107439756236_n-768x512.jpg 768w, https:\/\/josuti.hu\/wp-content\/uploads\/2023\/05\/342816398_3272462456398154_2791385107439756236_n-1536x1024.jpg 1536w, https:\/\/josuti.hu\/wp-content\/uploads\/2023\/05\/342816398_3272462456398154_2791385107439756236_n-1620x1080.jpg 1620w, https:\/\/josuti.hu\/wp-content\/uploads\/2023\/05\/342816398_3272462456398154_2791385107439756236_n-600x400.jpg 600w, https:\/\/josuti.hu\/wp-content\/uploads\/2023\/05\/342816398_3272462456398154_2791385107439756236_n.jpg 2048w\" sizes=\"(max-width: 1024px) 100vw, 1024px\" \/><\/figure>","protected":false},"excerpt":{"rendered":"","protected":false},"author":2,"featured_media":0,"parent":0,"menu_order":0,"comment_status":"closed","ping_status":"closed","template":"","meta":{"footnotes":""},"class_list":["post-255","page","type-page","status-publish","hentry"],"_links":{"self":[{"href":"https:\/\/josuti.hu\/index.php?rest_route=\/wp\/v2\/pages\/255"}],"collection":[{"href":"https:\/\/josuti.hu\/index.php?rest_route=\/wp\/v2\/pages"}],"about":[{"href":"https:\/\/josuti.hu\/index.php?rest_route=\/wp\/v2\/types\/page"}],"author":[{"embeddable":true,"href":"https:\/\/josuti.hu\/index.php?rest_route=\/wp\/v2\/users\/2"}],"replies":[{"embeddable":true,"href":"https:\/\/josuti.hu\/index.php?rest_route=%2Fwp%2Fv2%2Fcomments&post=255"}],"version-history":[{"count":12,"href":"https:\/\/josuti.hu\/index.php?rest_route=\/wp\/v2\/pages\/255\/revisions"}],"predecessor-version":[{"id":747,"href":"https:\/\/josuti.hu\/index.php?rest_route=\/wp\/v2\/pages\/255\/revisions\/747"}],"wp:attachment":[{"href":"https:\/\/josuti.hu\/index.php?rest_route=%2Fwp%2Fv2%2Fmedia&parent=255"}],"curies":[{"name":"wp","href":"https:\/\/api.w.org\/{rel}","templated":true}]}}