{"id":198,"date":"2020-04-21T17:27:08","date_gmt":"2020-04-21T15:27:08","guid":{"rendered":"http:\/\/josuti.hu\/?page_id=198"},"modified":"2024-07-16T13:30:16","modified_gmt":"2024-07-16T11:30:16","slug":"kiszallitas","status":"publish","type":"page","link":"https:\/\/josuti.hu\/?page_id=198","title":{"rendered":"Kisz\u00e1ll\u00edt\u00e1s"},"content":{"rendered":"<div id=\"content-2\" class=\"content-full-right-image-section\" style=\"background-color: #ffffff;\" data-label=\"Content\" data-id=\"content-full-right-image-section\" data-category=\"content\">\n<div class=\"content-full-right-image-innerrow\">\n<div class=\"content-full-right-image-textcol dynamic-color\">\n<div class=\"\" data-type=\"column\">\n<h5 class=\"\">Inform\u00e1ci\u00f3<\/h5>\n<h2 class=\"\">Rendel\u00e9s menete<\/h2>\n<h5 class=\"\">A rendel\u00e9s lead\u00e1si ideje legk\u00e9s\u0151bb Szerda estig illetve lehets\u00e9ges\u00a0 a telefonos egyeztet\u00e9s is. (+36-20-372-4235 )<\/h5>\n<h5 class=\"\">Kisz\u00e1ll\u00edtunk N\u0151tincsre illetve a k\u00f6rny\u00e9kbeli telep\u00fcl\u00e9sekre szint\u00e9n Pl: R\u00e9ts\u00e1gra, Berkeny\u00e9re, Szendehelyre vagy Katalinpuszt\u00e1ra.<\/h5>\n<p>Ezen k\u00edv\u00fcl v\u00e1llalunk kisz\u00e1ll\u00edt\u00e1st esk\u00fcv\u0151kre ,sz\u00fclet\u00e9snapokra, nagyobb csal\u00e1di \u00f6sszej\u00f6vetelekre,c\u00e9ges rendezv\u00e9nyekre ak\u00e1r egyedi ig\u00e9nyeket is figyelembe v\u00e9ve.<\/p>\n<p class=\"\">Fizet\u00e9s el\u0151re utal\u00e1ssal vagy sz\u00e1ll\u00edt\u00e1skor k\u00e9szp\u00e9nzben. Utal\u00e1sn\u00e1l k\u00e9rem k\u00f6zlem\u00e9nybe \u00edrja be nev\u00e9t \u00e9s rendel\u00e9si sz\u00e1m\u00e1t. Leadott rendel\u00e9s\u00e9r\u0151l minden esetben email \u00e9rtes\u00edt\u00e9st kap.<\/p>\n<\/div>\n<div class=\"content-full-right-image-featuresrow\">\n<div class=\"content-full-right-image-featurescol\" data-type=\"column\">\u00a0<\/div>\n<div class=\"content-full-right-image-featurescol\" data-type=\"column\">\u00a0<\/div>\n<\/div>\n<\/div>\n<div class=\"content-full-right-image-imgcol\" style=\"background-image: url('http:\/\/josuti.hu\/wp-content\/uploads\/2020\/03\/32-scaled.jpg');\" data-bg=\"image\">\u00a0<\/div>\n<\/div>\n<\/div><p><\/p>","protected":false},"excerpt":{"rendered":"<p>Inform\u00e1ci\u00f3 Rendel\u00e9s menete A rendel\u00e9s lead\u00e1si ideje legk\u00e9s\u0151bb Szerda estig illetve lehets\u00e9ges\u00a0 a telefonos egyeztet\u00e9s is. (+36-20-372-4235 ) Kisz\u00e1ll\u00edtunk N\u0151tincsre illetve a k\u00f6rny\u00e9kbeli telep\u00fcl\u00e9sekre szint\u00e9n Pl: R\u00e9ts\u00e1gra, Berkeny\u00e9re, Szendehelyre vagy Katalinpuszt\u00e1ra. Ezen k\u00edv\u00fcl v\u00e1llalunk kisz\u00e1ll\u00edt\u00e1st esk\u00fcv\u0151kre ,sz\u00fclet\u00e9snapokra, nagyobb csal\u00e1di \u00f6sszej\u00f6vetelekre,c\u00e9ges rendezv\u00e9nyekre ak\u00e1r egyedi ig\u00e9nyeket is figyelembe v\u00e9ve. Fizet\u00e9s el\u0151re utal\u00e1ssal vagy sz\u00e1ll\u00edt\u00e1skor k\u00e9szp\u00e9nzben. Utal\u00e1sn\u00e1l k\u00e9rem&hellip; <br \/> <a class=\"button small blue\" href=\"https:\/\/josuti.hu\/?p=1\">Read more<\/a><\/p>\n","protected":false},"author":1,"featured_media":0,"parent":0,"menu_order":0,"comment_status":"closed","ping_status":"closed","template":"full-width-page.php","meta":{"footnotes":""},"class_list":["post-198","page","type-page","status-publish","hentry"],"_links":{"self":[{"href":"https:\/\/josuti.hu\/index.php?rest_route=\/wp\/v2\/pages\/198"}],"collection":[{"href":"https:\/\/josuti.hu\/index.php?rest_route=\/wp\/v2\/pages"}],"about":[{"href":"https:\/\/josuti.hu\/index.php?rest_route=\/wp\/v2\/types\/page"}],"author":[{"embeddable":true,"href":"https:\/\/josuti.hu\/index.php?rest_route=\/wp\/v2\/users\/1"}],"replies":[{"embeddable":true,"href":"https:\/\/josuti.hu\/index.php?rest_route=%2Fwp%2Fv2%2Fcomments&post=198"}],"version-history":[{"count":8,"href":"https:\/\/josuti.hu\/index.php?rest_route=\/wp\/v2\/pages\/198\/revisions"}],"predecessor-version":[{"id":665,"href":"https:\/\/josuti.hu\/index.php?rest_route=\/wp\/v2\/pages\/198\/revisions\/665"}],"wp:attachment":[{"href":"https:\/\/josuti.hu\/index.php?rest_route=%2Fwp%2Fv2%2Fmedia&parent=198"}],"curies":[{"name":"wp","href":"https:\/\/api.w.org\/{rel}","templated":true}]}}