{"id":792,"date":"2025-12-09T15:31:31","date_gmt":"2025-12-09T13:31:31","guid":{"rendered":"https:\/\/josuti.hu\/?post_type=product&#038;p=792"},"modified":"2025-12-09T15:31:31","modified_gmt":"2025-12-09T13:31:31","slug":"csokolades-pisztacias-keksz","status":"publish","type":"product","link":"http:\/\/josuti.hu\/?product=csokolades-pisztacias-keksz","title":{"rendered":"Csokol\u00e1d\u00e9s-piszt\u00e1ci\u00e1s keksz"},"content":{"rendered":"<p>Vajas keksz sok csokol\u00e1d\u00e9val, piszt\u00e1ci\u00e1val.<\/p>\n<p>150g<\/p>\n","protected":false},"excerpt":{"rendered":"<p>Vajas keksz sok csokol\u00e1d\u00e9val, piszt\u00e1ci\u00e1val. 150g<\/p>\n","protected":false},"featured_media":793,"comment_status":"open","ping_status":"closed","template":"","meta":[],"product_cat":[29],"product_tag":[],"class_list":{"0":"post-792","1":"product","2":"type-product","3":"status-publish","4":"has-post-thumbnail","6":"product_cat-keksz","8":"first","9":"instock","10":"shipping-taxable","11":"purchasable","12":"product-type-simple"},"_links":{"self":[{"href":"http:\/\/josuti.hu\/index.php?rest_route=\/wp\/v2\/product\/792"}],"collection":[{"href":"http:\/\/josuti.hu\/index.php?rest_route=\/wp\/v2\/product"}],"about":[{"href":"http:\/\/josuti.hu\/index.php?rest_route=\/wp\/v2\/types\/product"}],"replies":[{"embeddable":true,"href":"http:\/\/josuti.hu\/index.php?rest_route=%2Fwp%2Fv2%2Fcomments&post=792"}],"wp:featuredmedia":[{"embeddable":true,"href":"http:\/\/josuti.hu\/index.php?rest_route=\/wp\/v2\/media\/793"}],"wp:attachment":[{"href":"http:\/\/josuti.hu\/index.php?rest_route=%2Fwp%2Fv2%2Fmedia&parent=792"}],"wp:term":[{"taxonomy":"product_cat","embeddable":true,"href":"http:\/\/josuti.hu\/index.php?rest_route=%2Fwp%2Fv2%2Fproduct_cat&post=792"},{"taxonomy":"product_tag","embeddable":true,"href":"http:\/\/josuti.hu\/index.php?rest_route=%2Fwp%2Fv2%2Fproduct_tag&post=792"}],"curies":[{"name":"wp","href":"https:\/\/api.w.org\/{rel}","templated":true}]}}