{"id":788,"date":"2025-12-09T14:24:52","date_gmt":"2025-12-09T12:24:52","guid":{"rendered":"https:\/\/josuti.hu\/?post_type=product&#038;p=788"},"modified":"2025-12-09T15:29:15","modified_gmt":"2025-12-09T13:29:15","slug":"csokolades-dios-keksz","status":"publish","type":"product","link":"http:\/\/josuti.hu\/?product=csokolades-dios-keksz","title":{"rendered":"Csokol\u00e1d\u00e9s-di\u00f3s keksz"},"content":{"rendered":"<p>Vajas keksz sok csokol\u00e1d\u00e9val, di\u00f3val.<\/p>\n<p>150 g<\/p>\n","protected":false},"excerpt":{"rendered":"<p>Vajas keksz sok csokol\u00e1d\u00e9val, di\u00f3val. 150 g<\/p>\n","protected":false},"featured_media":791,"comment_status":"open","ping_status":"closed","template":"","meta":[],"product_cat":[29],"product_tag":[],"class_list":{"0":"post-788","1":"product","2":"type-product","3":"status-publish","4":"has-post-thumbnail","6":"product_cat-keksz","8":"first","9":"instock","10":"shipping-taxable","11":"purchasable","12":"product-type-simple"},"_links":{"self":[{"href":"http:\/\/josuti.hu\/index.php?rest_route=\/wp\/v2\/product\/788"}],"collection":[{"href":"http:\/\/josuti.hu\/index.php?rest_route=\/wp\/v2\/product"}],"about":[{"href":"http:\/\/josuti.hu\/index.php?rest_route=\/wp\/v2\/types\/product"}],"replies":[{"embeddable":true,"href":"http:\/\/josuti.hu\/index.php?rest_route=%2Fwp%2Fv2%2Fcomments&post=788"}],"wp:featuredmedia":[{"embeddable":true,"href":"http:\/\/josuti.hu\/index.php?rest_route=\/wp\/v2\/media\/791"}],"wp:attachment":[{"href":"http:\/\/josuti.hu\/index.php?rest_route=%2Fwp%2Fv2%2Fmedia&parent=788"}],"wp:term":[{"taxonomy":"product_cat","embeddable":true,"href":"http:\/\/josuti.hu\/index.php?rest_route=%2Fwp%2Fv2%2Fproduct_cat&post=788"},{"taxonomy":"product_tag","embeddable":true,"href":"http:\/\/josuti.hu\/index.php?rest_route=%2Fwp%2Fv2%2Fproduct_tag&post=788"}],"curies":[{"name":"wp","href":"https:\/\/api.w.org\/{rel}","templated":true}]}}