{"id":775,"date":"2025-08-24T19:01:48","date_gmt":"2025-08-24T17:01:48","guid":{"rendered":"https:\/\/josuti.hu\/?post_type=product&#038;p=775"},"modified":"2025-08-24T19:13:23","modified_gmt":"2025-08-24T17:13:23","slug":"citromos-joghurt-torta","status":"publish","type":"product","link":"http:\/\/josuti.hu\/?product=citromos-joghurt-torta","title":{"rendered":"Citromos Joghurt torta"},"content":{"rendered":"<p>Tejsz\u00ednes joghurtos t\u00f6ltel\u00e9kkel, lime \u00e9s citrommal \u00edzes\u00edtve.<\/p>\n","protected":false},"excerpt":{"rendered":"<p>Tejsz\u00ednes joghurtos t\u00f6ltel\u00e9kkel, lime \u00e9s citrommal \u00edzes\u00edtve.<\/p>\n","protected":false},"featured_media":757,"comment_status":"open","ping_status":"closed","template":"","meta":[],"product_cat":[15],"product_tag":[],"class_list":{"0":"post-775","1":"product","2":"type-product","3":"status-publish","4":"has-post-thumbnail","6":"product_cat-uncategorized","8":"first","9":"instock","10":"shipping-taxable","11":"purchasable","12":"product-type-simple"},"_links":{"self":[{"href":"http:\/\/josuti.hu\/index.php?rest_route=\/wp\/v2\/product\/775"}],"collection":[{"href":"http:\/\/josuti.hu\/index.php?rest_route=\/wp\/v2\/product"}],"about":[{"href":"http:\/\/josuti.hu\/index.php?rest_route=\/wp\/v2\/types\/product"}],"replies":[{"embeddable":true,"href":"http:\/\/josuti.hu\/index.php?rest_route=%2Fwp%2Fv2%2Fcomments&post=775"}],"wp:featuredmedia":[{"embeddable":true,"href":"http:\/\/josuti.hu\/index.php?rest_route=\/wp\/v2\/media\/757"}],"wp:attachment":[{"href":"http:\/\/josuti.hu\/index.php?rest_route=%2Fwp%2Fv2%2Fmedia&parent=775"}],"wp:term":[{"taxonomy":"product_cat","embeddable":true,"href":"http:\/\/josuti.hu\/index.php?rest_route=%2Fwp%2Fv2%2Fproduct_cat&post=775"},{"taxonomy":"product_tag","embeddable":true,"href":"http:\/\/josuti.hu\/index.php?rest_route=%2Fwp%2Fv2%2Fproduct_tag&post=775"}],"curies":[{"name":"wp","href":"https:\/\/api.w.org\/{rel}","templated":true}]}}