{"id":654,"date":"2024-07-14T18:46:36","date_gmt":"2024-07-14T16:46:36","guid":{"rendered":"https:\/\/josuti.hu\/?post_type=product&#038;p=654"},"modified":"2025-01-05T16:51:01","modified_gmt":"2025-01-05T14:51:01","slug":"erdei-gyumolcsos-torta-mentes","status":"publish","type":"product","link":"http:\/\/josuti.hu\/?product=erdei-gyumolcsos-torta-mentes","title":{"rendered":"Erdei gy\u00fcm\u00f6lcs\u00f6s torta (mentes)"},"content":{"rendered":"<p>Feh\u00e9r liszt, tejterm\u00e9k, \u00e9s feh\u00e9r cukor hozz\u00e1ad\u00e1sa n\u00e9lk\u00fcl k\u00e9sz\u00fcl.25 cm<\/p>\n<p>Az \u00e1r tartalmazza a tortadobozt.<\/p>\n","protected":false},"excerpt":{"rendered":"<p>Feh\u00e9r liszt, tejterm\u00e9k, \u00e9s feh\u00e9r cukor hozz\u00e1ad\u00e1sa n\u00e9lk\u00fcl k\u00e9sz\u00fcl.25 cm Az \u00e1r tartalmazza a tortadobozt.<\/p>\n","protected":false},"featured_media":655,"comment_status":"open","ping_status":"closed","template":"","meta":[],"product_cat":[22],"product_tag":[],"class_list":{"0":"post-654","1":"product","2":"type-product","3":"status-publish","4":"has-post-thumbnail","6":"product_cat-mentes-tortak","8":"first","9":"instock","10":"shipping-taxable","11":"purchasable","12":"product-type-simple"},"_links":{"self":[{"href":"http:\/\/josuti.hu\/index.php?rest_route=\/wp\/v2\/product\/654"}],"collection":[{"href":"http:\/\/josuti.hu\/index.php?rest_route=\/wp\/v2\/product"}],"about":[{"href":"http:\/\/josuti.hu\/index.php?rest_route=\/wp\/v2\/types\/product"}],"replies":[{"embeddable":true,"href":"http:\/\/josuti.hu\/index.php?rest_route=%2Fwp%2Fv2%2Fcomments&post=654"}],"wp:featuredmedia":[{"embeddable":true,"href":"http:\/\/josuti.hu\/index.php?rest_route=\/wp\/v2\/media\/655"}],"wp:attachment":[{"href":"http:\/\/josuti.hu\/index.php?rest_route=%2Fwp%2Fv2%2Fmedia&parent=654"}],"wp:term":[{"taxonomy":"product_cat","embeddable":true,"href":"http:\/\/josuti.hu\/index.php?rest_route=%2Fwp%2Fv2%2Fproduct_cat&post=654"},{"taxonomy":"product_tag","embeddable":true,"href":"http:\/\/josuti.hu\/index.php?rest_route=%2Fwp%2Fv2%2Fproduct_tag&post=654"}],"curies":[{"name":"wp","href":"https:\/\/api.w.org\/{rel}","templated":true}]}}