{"id":417,"date":"2021-10-11T20:22:36","date_gmt":"2021-10-11T18:22:36","guid":{"rendered":"http:\/\/josuti.hu\/?post_type=product&#038;p=417"},"modified":"2025-08-24T18:49:26","modified_gmt":"2025-08-24T16:49:26","slug":"ludlab-torta","status":"publish","type":"product","link":"http:\/\/josuti.hu\/?product=ludlab-torta","title":{"rendered":"L\u00fadl\u00e1b torta (mentes)"},"content":{"rendered":"<p>Gazdagon csokol\u00e1d\u00e9val ,rumban \u00e9rlelt meggyel,cukor \u00e9s feh\u00e9r liszt hozz\u00e1ad\u00e1sa n\u00e9lk\u00fcl rizsliszttel \u00e9s 1:4-ben cukorhelyettes\u00edt\u0151vel. (a rum gl\u00fck\u00f3z szirupot tartalmaz)\u00a0 25cm<\/p>\n","protected":false},"excerpt":{"rendered":"<p>Gazdagon csokol\u00e1d\u00e9val ,rumban \u00e9rlelt meggyel,cukor \u00e9s feh\u00e9r liszt hozz\u00e1ad\u00e1sa n\u00e9lk\u00fcl rizsliszttel \u00e9s 1:4-ben cukorhelyettes\u00edt\u0151vel. (a rum gl\u00fck\u00f3z szirupot tartalmaz)\u00a0 25cm<\/p>\n","protected":false},"featured_media":598,"comment_status":"open","ping_status":"closed","template":"","meta":[],"product_cat":[15],"product_tag":[],"class_list":{"0":"post-417","1":"product","2":"type-product","3":"status-publish","4":"has-post-thumbnail","6":"product_cat-uncategorized","8":"first","9":"instock","10":"shipping-taxable","11":"purchasable","12":"product-type-simple"},"_links":{"self":[{"href":"http:\/\/josuti.hu\/index.php?rest_route=\/wp\/v2\/product\/417"}],"collection":[{"href":"http:\/\/josuti.hu\/index.php?rest_route=\/wp\/v2\/product"}],"about":[{"href":"http:\/\/josuti.hu\/index.php?rest_route=\/wp\/v2\/types\/product"}],"replies":[{"embeddable":true,"href":"http:\/\/josuti.hu\/index.php?rest_route=%2Fwp%2Fv2%2Fcomments&post=417"}],"wp:featuredmedia":[{"embeddable":true,"href":"http:\/\/josuti.hu\/index.php?rest_route=\/wp\/v2\/media\/598"}],"wp:attachment":[{"href":"http:\/\/josuti.hu\/index.php?rest_route=%2Fwp%2Fv2%2Fmedia&parent=417"}],"wp:term":[{"taxonomy":"product_cat","embeddable":true,"href":"http:\/\/josuti.hu\/index.php?rest_route=%2Fwp%2Fv2%2Fproduct_cat&post=417"},{"taxonomy":"product_tag","embeddable":true,"href":"http:\/\/josuti.hu\/index.php?rest_route=%2Fwp%2Fv2%2Fproduct_tag&post=417"}],"curies":[{"name":"wp","href":"https:\/\/api.w.org\/{rel}","templated":true}]}}